{"id":429,"date":"2018-01-16T15:58:43","date_gmt":"2018-01-16T14:58:43","guid":{"rendered":"https:\/\/sea-dragon.demo2.freiland.cc\/?page_id=429"},"modified":"2018-01-17T15:25:38","modified_gmt":"2018-01-17T14:25:38","slug":"impressum","status":"publish","type":"page","link":"https:\/\/sea-dragon.demo2.freiland.cc\/index.php\/impressum\/","title":{"rendered":"Impressum"},"content":{"rendered":"<p>[vc_row thb_divider_position=&#8221;bottom&#8221; css=&#8221;.vc_custom_1516115762358{padding-top: 150px !important;}&#8221; thb_divider_color=&#8221;#88735a&#8221;][vc_column width=&#8221;1\/2&#8243;][vc_column_text animation=&#8221;animation right-to-left&#8221;]<\/p>\n<h1>Impressum<\/h1>\n<p>[\/vc_column_text][\/vc_column][vc_column width=&#8221;1\/2&#8243;][\/vc_column][\/vc_row][vc_row thb_divider_position=&#8221;bottom&#8221; css=&#8221;.vc_custom_1516115767814{padding-bottom: 50px !important;}&#8221;][vc_column width=&#8221;1\/2&#8243;][vc_column_text animation=&#8221;animation left-to-right&#8221; el_class=&#8221;impressum&#8221;]<strong>Datenschutzerkl\u00e4rung<\/strong><\/p>\n<p>Wir legen gro\u00dfen Wert auf den Schutz Ihrer Daten. Um Sie in vollem Umfang \u00fcber die Verwendung personenbezogener Daten zu informieren, bitten wir Sie die folgenden Datenschutzhinweise zur Kenntnis zu nehmen.<\/p>\n<p><strong>Pers\u00f6nliche Daten<\/strong><\/p>\n<p>Pers\u00f6nliche Daten, die Sie auf dieser Website elektronisch \u00fcbermitteln, wie zum Beispiel Name, E-Mail-Adresse, Adresse oder andere pers\u00f6nlichen Angaben, werden von uns nur zum jeweils angegebenen Zweck verwendet, sicher verwahrt und nicht an Dritte weitergegeben. Der Provider erhebt und speichert automatisch Informationen am Webserver wie verwendeter Browser, Betriebssystem, Verweisseite, IP-Adresse, Uhrzeit des Zugriffs usw. Diese Daten k\u00f6nnen ohne Pr\u00fcfung weiterer Datenquellen keinen bestimmten Personen zugeordnet werden und wir werten diese Daten auch nicht weiter aus solange keine rechtswidrige Nutzung unserer Webseite vorliegt.<br \/>\nFormulardaten und Kommentare<br \/>\nWenn Webseitenbesucher Kommentare oder Formulareintr\u00e4ge hinterlassen, werden die eingegebenen Daten und ihre IP-Adressen gespeichert. Das erfolgt zur Sicherheit, falls jemand widerrechtliche Inhalte verfasst (Beleidigungen, links- oder rechtsextreme Propaganda, Hasspostings usw.). In diesem Fall sind wir an der Identit\u00e4t des Verfassers interessiert.<\/p>\n<p><strong>Cookies<\/strong><\/p>\n<p>Cookies sind kleine Dateien, die es dieser Webseite erm\u00f6glichen auf dem Computer des Besuchers spezifische, auf den Nutzer bezogene Informationen zu speichern, w\u00e4hrend unsere Website besucht wird. Cookies helfen uns dabei, die Nutzungsh\u00e4ufigkeit und die Anzahl der Nutzer unserer Internetseiten zu ermitteln, sowie unsere Angebote f\u00fcr Sie komfortabel und effizient zu gestalten. Wir verwenden einerseits Session-Cookies, die ausschlie\u00dflich f\u00fcr die Dauer Ihrer Nutzung unserer Website zwischengespeichert werden und zum anderen permanente Cookies, um Informationen \u00fcber Besucher festzuhalten, die wiederholt auf unsere Website zugreifen. Der Zweck des Einsatzes dieser Cookies besteht darin, eine optimale Benutzerf\u00fchrung anbieten zu k\u00f6nnen sowie Besucher wiederzuerkennen und bei wiederholter Nutzung eine m\u00f6glichst attraktive Website und interessante Inhalte pr\u00e4sentieren zu k\u00f6nnen. Der Inhalt eines permanenten Cookies beschr\u00e4nkt sich auf eine Identifikationsnummer. Name, IP-Adresse usw. werden nicht gespeichert. Eine Einzelprofilbildung \u00fcber Ihr Nutzungsverhalten findet nicht statt. Eine Nutzung unserer Angebote ist auch ohne Cookies m\u00f6glich. Sie k\u00f6nnen in Ihrem Browser das Speichern von Cookies deaktivieren, auf bestimmte Webseiten beschr\u00e4nken oder Ihren Webbrowser (Chrome, IE, Firefox,\u2026) so einstellen, dass er sie benachrichtigt, sobald ein Cookie gesendet wird. Sie k\u00f6nnen Cookies auch jederzeit von der Festplatte ihres PC l\u00f6schen. Bitte beachten Sie aber, dass Sie in diesem Fall mit einer eingeschr\u00e4nkten Darstellung der Seite und mit einer eingeschr\u00e4nkten Benutzerf\u00fchrung rechnen m\u00fcssen.[\/vc_column_text][\/vc_column][vc_column width=&#8221;1\/2&#8243;][vc_column_text animation=&#8221;animation left-to-right&#8221; el_class=&#8221;impressum&#8221;]<strong>Datenschutzerkl\u00e4rung f\u00fcr die Nutzung von Google Analytics<\/strong><\/p>\n<p>Diese Website benutzt Google Analytics, einen Webanalysedienst der Google Inc. (\u201eGoogle\u201c). Google Analytics verwendet sog. \u201eCookies\u201c, Textdateien, die auf Ihrem Computer gespeichert werden und die eine Analyse der Benutzung der Website durch Sie erm\u00f6glichen. Die durch den Cookie erzeugten Informationen \u00fcber Ihre Benutzung dieser Website werden in der Regel an einen Server von Google in den USA \u00fcbertragen und dort gespeichert. Im Falle der Aktivierung der IP-Anonymisierung auf dieser Webseite, wird Ihre IP-Adresse von Google jedoch innerhalb von Mitgliedstaaten der Europ\u00e4ischen Union oder in anderen Vertragsstaaten des Abkommens \u00fcber den Europ\u00e4ischen Wirtschaftsraum zuvor gek\u00fcrzt. Nur in Ausnahmef\u00e4llen wird die volle IP-Adresse an einen Server von<br \/>\nGoogle in den USA \u00fcbertragen und dort gek\u00fcrzt. Im Auftrag des Betreibers dieser Website wird Google diese Informationen benutzen, um Ihre Nutzung der Website auszuwerten, um Reports \u00fcber die Websiteaktivit\u00e4ten zusammenzustellen und um weitere mit der Websitenutzung und der Internetnutzung verbundene Dienstleistungen gegen\u00fcber dem Websitebetreiber zu erbringen. Die im Rahmen von Google Analytics von Ihrem Browser \u00fcbermittelte IP-Adresse wird nicht mit anderen Daten von Google zusammengef\u00fchrt. Sie k\u00f6nnen die Speicherung der Cookies durch eine entsprechende Einstellung Ihrer Browser-Software verhindern; wir weisen Sie jedoch darauf hin, dass Sie in diesem Fall gegebenenfalls nicht s\u00e4mtliche Funktionen dieser Website vollumf\u00e4nglich werden nutzen k\u00f6nnen. Sie k\u00f6nnen dar\u00fcber hinaus die Erfassung der durch das Cookie erzeugten und auf Ihre Nutzung der Website bezogenen Daten (inkl. Ihrer IP-Adresse) an Google sowie die Verarbeitung dieser Daten durch Google verhindern, indem sie das unter dem folgenden Link (https:\/\/tools.google.com\/dlpage\/gaoptout?hl=de) verf\u00fcgbare Browser-Plugin herunterladen und installieren.<br \/>\nN\u00e4here Informationen zu Nutzungsbedingungen und Datenschutz finden Sie unter https:\/\/www.google.com\/analytics\/terms\/de.html bzw. unter https:\/\/support.google.com\/analytics\/answer\/6004245?hl=de. Wir weisen Sie darauf hin, dass auf dieser Webseite Google Analytics um den Code \u201egat._anonymizeIp();\u201c erweitert wurde, um eine anonymisierte Erfassung von IP-Adressen (sog. IP-Masking) zu gew\u00e4hrleisten.<\/p>\n<p><strong>Google Maps<\/strong><\/p>\n<p>Diese Webseite verwendet Google Maps f\u00fcr die Darstellung von Karteninformationen. Bei der Nutzung von Google Maps werden von Google auch Daten \u00fcber die Nutzung der Maps-Funktionen durch Besucher der Webseiten erhoben, verarbeitet und genutzt. N\u00e4here Informationen \u00fcber die Datenverarbeitung durch Google k\u00f6nnen Sie den Datenschutzhinweisen von Google auf https:\/\/www.google.at\/intl\/de\/policies\/privacy\/ entnehmen. Dort k\u00f6nnen Sie im Datenschutzcenter auch Ihre Einstellungen ver\u00e4ndern, so dass Sie Ihre Daten verwalten und sch\u00fctzen k\u00f6nnen.[\/vc_column_text][\/vc_column][\/vc_row]<\/p>\n","protected":false},"excerpt":{"rendered":"<p>[vc_row thb_divider_position=&#8221;bottom&#8221; css=&#8221;.vc_custom_1516115762358{padding-top: 150px !important;}&#8221; thb_divider_color=&#8221;#88735a&#8221;][vc_column width=&#8221;1\/2&#8243;][vc_column_text animation=&#8221;animation right-to-left&#8221;] Impressum [\/vc_column_text][\/vc_column][vc_column width=&#8221;1\/2&#8243;][\/vc_column][\/vc_row][vc_row thb_divider_position=&#8221;bottom&#8221; css=&#8221;.vc_custom_1516115767814{padding-bottom: 50px !important;}&#8221;][vc_column width=&#8221;1\/2&#8243;][vc_column_text animation=&#8221;animation left-to-right&#8221; el_class=&#8221;impressum&#8221;]Datenschutzerkl\u00e4rung Wir legen gro\u00dfen Wert auf den Schutz Ihrer Daten. Um Sie in vollem Umfang \u00fcber die Verwendung personenbezogener Daten zu informieren, bitten wir Sie die folgenden Datenschutzhinweise zur Kenntnis zu nehmen. Pers\u00f6nliche Daten Pers\u00f6nliche Daten,&hellip;<\/p>\n","protected":false},"author":1,"featured_media":0,"parent":0,"menu_order":0,"comment_status":"closed","ping_status":"closed","template":"","meta":[],"_links":{"self":[{"href":"https:\/\/sea-dragon.demo2.freiland.cc\/index.php\/wp-json\/wp\/v2\/pages\/429"}],"collection":[{"href":"https:\/\/sea-dragon.demo2.freiland.cc\/index.php\/wp-json\/wp\/v2\/pages"}],"about":[{"href":"https:\/\/sea-dragon.demo2.freiland.cc\/index.php\/wp-json\/wp\/v2\/types\/page"}],"author":[{"embeddable":true,"href":"https:\/\/sea-dragon.demo2.freiland.cc\/index.php\/wp-json\/wp\/v2\/users\/1"}],"replies":[{"embeddable":true,"href":"https:\/\/sea-dragon.demo2.freiland.cc\/index.php\/wp-json\/wp\/v2\/comments?post=429"}],"version-history":[{"count":18,"href":"https:\/\/sea-dragon.demo2.freiland.cc\/index.php\/wp-json\/wp\/v2\/pages\/429\/revisions"}],"predecessor-version":[{"id":447,"href":"https:\/\/sea-dragon.demo2.freiland.cc\/index.php\/wp-json\/wp\/v2\/pages\/429\/revisions\/447"}],"wp:attachment":[{"href":"https:\/\/sea-dragon.demo2.freiland.cc\/index.php\/wp-json\/wp\/v2\/media?parent=429"}],"curies":[{"name":"wp","href":"https:\/\/api.w.org\/{rel}","templated":true}]}}